{"id":18,"date":"2021-05-12T20:34:38","date_gmt":"2021-05-12T18:34:38","guid":{"rendered":"https:\/\/rifugiocasinadipiana.wordpress.com\/?page_id=18"},"modified":"2024-09-12T12:36:04","modified_gmt":"2024-09-12T12:36:04","slug":"rifugio-casina-di-piana","status":"publish","type":"page","link":"https:\/\/casinadipiana.it\/","title":{"rendered":"Il Rifugio"},"content":{"rendered":"\n<div class=\"wp-block-group\"><div class=\"wp-block-group__inner-container is-layout-flow wp-block-group-is-layout-flow\">\n<div class=\"wp-block-group\"><div class=\"wp-block-group__inner-container is-layout-flow wp-block-group-is-layout-flow\">\n<figure class=\"wp-block-gallery has-nested-images columns-default is-cropped wp-block-gallery-1 is-layout-flex wp-block-gallery-is-layout-flex\">\n<figure class=\"wp-block-image size-large\"><img loading=\"lazy\" decoding=\"async\" width=\"1024\" height=\"766\" data-id=\"150\" src=\"https:\/\/casinadipiana.it\/wp-content\/uploads\/2021\/05\/ponte-con-casina-di-piana-2-1-1024x766.jpg\" alt=\"\" class=\"wp-image-150\" srcset=\"https:\/\/casinadipiana.it\/wp-content\/uploads\/2021\/05\/ponte-con-casina-di-piana-2-1-1024x766.jpg 1024w, https:\/\/casinadipiana.it\/wp-content\/uploads\/2021\/05\/ponte-con-casina-di-piana-2-1-300x224.jpg 300w, https:\/\/casinadipiana.it\/wp-content\/uploads\/2021\/05\/ponte-con-casina-di-piana-2-1-768x575.jpg 768w, https:\/\/casinadipiana.it\/wp-content\/uploads\/2021\/05\/ponte-con-casina-di-piana-2-1-1536x1149.jpg 1536w, https:\/\/casinadipiana.it\/wp-content\/uploads\/2021\/05\/ponte-con-casina-di-piana-2-1-2048x1532.jpg 2048w, https:\/\/casinadipiana.it\/wp-content\/uploads\/2021\/05\/ponte-con-casina-di-piana-2-1-1568x1173.jpg 1568w\" sizes=\"auto, (max-width: 1024px) 100vw, 1024px\" \/><\/figure>\n\n\n\n<figure class=\"wp-block-image size-large\"><img loading=\"lazy\" decoding=\"async\" width=\"683\" height=\"1024\" data-id=\"153\" src=\"https:\/\/casinadipiana.it\/wp-content\/uploads\/2021\/05\/img_0558-1-683x1024.jpg\" alt=\"\" class=\"wp-image-153\" srcset=\"https:\/\/casinadipiana.it\/wp-content\/uploads\/2021\/05\/img_0558-1-683x1024.jpg 683w, https:\/\/casinadipiana.it\/wp-content\/uploads\/2021\/05\/img_0558-1-200x300.jpg 200w, https:\/\/casinadipiana.it\/wp-content\/uploads\/2021\/05\/img_0558-1-768x1152.jpg 768w, https:\/\/casinadipiana.it\/wp-content\/uploads\/2021\/05\/img_0558-1-1024x1536.jpg 1024w, https:\/\/casinadipiana.it\/wp-content\/uploads\/2021\/05\/img_0558-1-1365x2048.jpg 1365w, https:\/\/casinadipiana.it\/wp-content\/uploads\/2021\/05\/img_0558-1-1568x2352.jpg 1568w, https:\/\/casinadipiana.it\/wp-content\/uploads\/2021\/05\/img_0558-1-scaled.jpg 1707w\" sizes=\"auto, (max-width: 683px) 100vw, 683px\" \/><\/figure>\n\n\n\n<figure class=\"wp-block-image size-large\"><img loading=\"lazy\" decoding=\"async\" width=\"768\" height=\"1024\" data-id=\"391\" src=\"https:\/\/casinadipiana.it\/wp-content\/uploads\/2021\/07\/IMG-20210704-WA0018-768x1024.jpg\" alt=\"\" class=\"wp-image-391\" srcset=\"https:\/\/casinadipiana.it\/wp-content\/uploads\/2021\/07\/IMG-20210704-WA0018-768x1024.jpg 768w, https:\/\/casinadipiana.it\/wp-content\/uploads\/2021\/07\/IMG-20210704-WA0018-225x300.jpg 225w, https:\/\/casinadipiana.it\/wp-content\/uploads\/2021\/07\/IMG-20210704-WA0018-1152x1536.jpg 1152w, https:\/\/casinadipiana.it\/wp-content\/uploads\/2021\/07\/IMG-20210704-WA0018.jpg 1200w\" sizes=\"auto, (max-width: 768px) 100vw, 768px\" \/><\/figure>\n<\/figure>\n<\/div><\/div>\n<\/div><\/div>\n\n\n\n<div class=\"wp-block-group has-background-light-background-color has-background\"><div class=\"wp-block-group__inner-container is-layout-flow wp-block-group-is-layout-flow\">\n<p>Il rifugio Casina di Piana \u00e8 situato all&#8217; imbocco della Val Piana, la prima valle laterale meridionale della Val Grosina, immersa nelle Alpi Retiche occidentali&nbsp;in direzione della Val Poschiavo.<\/p>\n\n\n\n<p><br>La posizione strategica lungo il sentiero Italia permette varie escursioni verso la Svizzera e le vicine Val Grosina, Val Saiento e le numerose cime che la circondano.<\/p>\n\n\n\n<p><br>L\u2019edificio, di propriet\u00e0 del Comune di Grosotto, \u00e8 stato recentemente ampliato e ristrutturato&nbsp;ed \u00e8 gestito dai volontari dell\u2019Operazione Mato Grosso che sostengono le tante missioni in America Latina.<\/p>\n\n\n\n<p><br>Ti aspettano una calorosa accoglienza e un buon punto di ristoro.<\/p>\n\n\n\n<div style=\"height:64px\" aria-hidden=\"true\" class=\"wp-block-spacer\"><\/div>\n\n\n\n<div class=\"wp-block-columns alignwide is-layout-flex wp-container-core-columns-is-layout-9d6595d7 wp-block-columns-is-layout-flex\">\n<div class=\"wp-block-column is-layout-flow wp-block-column-is-layout-flow\"><div class=\"wp-block-image\">\n<figure class=\"aligncenter size-large is-resized\"><img loading=\"lazy\" decoding=\"async\" width=\"259\" height=\"194\" src=\"http:\/\/casinadipiana.it\/wp-content\/uploads\/2021\/05\/indicazioni.jpg?w=259\" alt=\"\" class=\"wp-image-54\" style=\"width:217px;height:163px\"\/><\/figure>\n<\/div>\n\n\n<h4 class=\"wp-block-heading has-text-align-center\">Come arrivare<\/h4>\n\n\n\n<p>Da&nbsp;<strong>Grosotto<\/strong><br>Tempo:&nbsp;<strong>00:50<\/strong>&nbsp;&nbsp; Dislivello:&nbsp;<strong>1400mt<\/strong><br>Tipo:&nbsp;<strong>Turistico<\/strong><br>Sentiero:&nbsp;<strong>in auto 4&#215;4&nbsp;<\/strong><\/p>\n\n\n\n<p><a rel=\"noreferrer noopener\" href=\"https:\/\/maps.google.it\/maps?saddr=&amp;daddr=Grosotto&amp;hl=it&amp;z=9\" target=\"_blank\"><\/a>Da&nbsp;<strong>Malghera,                 Val di Sacco<\/strong><br>Tempo:&nbsp;<strong>02:30<\/strong>&nbsp;&nbsp; Dislivello:&nbsp;<strong>100mt<\/strong><br>Tipo:&nbsp;<strong>Escursionista<\/strong><br>Sentiero:&nbsp;<strong>Sentiero Italia<\/strong><br><a rel=\"noreferrer noopener\" href=\"https:\/\/maps.google.it\/maps?saddr=&amp;daddr=Malghera,%20val%20di%20Sacco&amp;hl=it&amp;z=9\" target=\"_blank\"><\/a><\/p>\n\n\n\n<p>Da&nbsp;<strong>Rifugio Schiazzera<\/strong><br>Tempo:&nbsp;<strong>05:00<\/strong>&nbsp;&nbsp; Dislivello:&nbsp;<strong>150mt<\/strong><br>Tipo:&nbsp;<strong>Escursionista<\/strong><br>Sentiero:&nbsp;<strong>Sentiero Italia<\/strong><br><a rel=\"noreferrer noopener\" href=\"https:\/\/maps.google.it\/maps?saddr=&amp;daddr=Rifugio%20Schiazzera&amp;hl=it&amp;z=9\" target=\"_blank\"><\/a><\/p>\n\n\n\n<p>Da&nbsp;<strong>Grosotto<\/strong><br>Tempo:&nbsp;<strong>02:30<\/strong>&nbsp;&nbsp; Dislivello:&nbsp;<strong>1400mt<\/strong> Sentiero:&nbsp;<strong>strada<\/strong><\/p>\n\n\n\n<p><br><a rel=\"noreferrer noopener\" href=\"https:\/\/maps.google.it\/maps?saddr=&amp;daddr=Grosotto&amp;hl=it&amp;z=9\" target=\"_blank\"><\/a><\/p>\n<\/div>\n\n\n\n<div class=\"wp-block-column is-layout-flow wp-block-column-is-layout-flow\"><div class=\"wp-block-image\">\n<figure class=\"aligncenter size-large\"><img loading=\"lazy\" decoding=\"async\" width=\"1024\" height=\"746\" src=\"https:\/\/casinadipiana.it\/wp-content\/uploads\/2023\/05\/DJI_0052-HDR-Copia-1024x746.jpg\" alt=\"\" class=\"wp-image-423\" srcset=\"https:\/\/casinadipiana.it\/wp-content\/uploads\/2023\/05\/DJI_0052-HDR-Copia-1024x746.jpg 1024w, https:\/\/casinadipiana.it\/wp-content\/uploads\/2023\/05\/DJI_0052-HDR-Copia-300x219.jpg 300w, https:\/\/casinadipiana.it\/wp-content\/uploads\/2023\/05\/DJI_0052-HDR-Copia-768x559.jpg 768w, https:\/\/casinadipiana.it\/wp-content\/uploads\/2023\/05\/DJI_0052-HDR-Copia-1536x1119.jpg 1536w, https:\/\/casinadipiana.it\/wp-content\/uploads\/2023\/05\/DJI_0052-HDR-Copia-2048x1492.jpg 2048w, https:\/\/casinadipiana.it\/wp-content\/uploads\/2023\/05\/DJI_0052-HDR-Copia-1568x1142.jpg 1568w\" sizes=\"auto, (max-width: 1024px) 100vw, 1024px\" \/><\/figure>\n<\/div>\n\n\n<h4 class=\"wp-block-heading has-text-align-center\">Contatti<\/h4>\n\n\n\n<p class=\"has-text-align-left\">Gestore:&nbsp;<strong>Operazione Mato Grosso<\/strong><br>Tel. Rifugio:  <strong>3383746570<\/strong><\/p>\n\n\n\n<p class=\"has-text-align-left\">info@casinadipiana.it<\/p>\n\n\n\n<p class=\"has-text-align-left\">www.casinadipiana.it<\/p>\n<\/div>\n\n\n\n<div class=\"wp-block-column is-layout-flow wp-block-column-is-layout-flow\"><div class=\"wp-block-image\">\n<figure class=\"aligncenter size-large is-resized\"><a href=\"https:\/\/www.google.it\/maps\/place\/Rifugio+Casina+di+Piana\/@46.3105704,10.0508685,11z\/data=!4m5!3m4!1s0x4783a1751ca2c671:0xa5435afbcf072cbf!8m2!3d46.310654!4d10.189779\" target=\"_blank\" rel=\"noopener\"><img loading=\"lazy\" decoding=\"async\" width=\"584\" height=\"457\" src=\"http:\/\/casinadipiana.it\/wp-content\/uploads\/2021\/05\/cartina.jpg?w=584\" alt=\"\" class=\"wp-image-41\" style=\"width:207px;height:161px\" srcset=\"https:\/\/casinadipiana.it\/wp-content\/uploads\/2021\/05\/cartina.jpg 584w, https:\/\/casinadipiana.it\/wp-content\/uploads\/2021\/05\/cartina-300x235.jpg 300w\" sizes=\"auto, (max-width: 584px) 100vw, 584px\" \/><\/a><\/figure>\n<\/div>\n\n\n<h4 class=\"wp-block-heading has-text-align-center\">Dove siamo<\/h4>\n\n\n\n<p class=\"has-text-align-left\">Provincia: <strong>Sondrio <\/strong><br>Localit\u00e0: <strong>Alpe Piana<\/strong><br>Comune: <strong>Grosotto <\/strong><\/p>\n\n\n\n<p class=\"has-text-align-left\">Valle: <strong>Val Piana<\/strong><\/p>\n\n\n\n<p><\/p>\n<\/div>\n<\/div>\n\n\n\n<div style=\"height:64px\" aria-hidden=\"true\" class=\"wp-block-spacer desktop-only\"><\/div>\n<\/div><\/div>\n\n\n\n<div class=\"wp-block-group alignfull\"><div class=\"wp-block-group__inner-container is-layout-flow wp-block-group-is-layout-flow\">\n<div style=\"height:80px\" aria-hidden=\"true\" class=\"wp-block-spacer desktop-only\"><\/div>\n\n\n\n<div class=\"wp-block-columns alignwide is-layout-flex wp-container-core-columns-is-layout-9d6595d7 wp-block-columns-is-layout-flex\">\n<div class=\"wp-block-column is-layout-flow wp-block-column-is-layout-flow\" style=\"flex-basis:67%\">\n<figure class=\"wp-block-pullquote\"><blockquote><p><a href=\"https:\/\/casinadipiana.it\/?page_id=216\"><em>Operazione Mato Grosso <\/em><\/a><\/p><\/blockquote><\/figure>\n<\/div>\n\n\n\n<div class=\"wp-block-column is-vertically-aligned-center is-layout-flow wp-block-column-is-layout-flow\" style=\"flex-basis:33%\">\n<p>L&#8217;intero ricavato sosterr\u00e0 le missioni dell&#8217;Operazione Mato Grosso in America Latina<\/p>\n\n\n\n<p>Come Aiutarci <\/p>\n<\/div>\n<\/div>\n\n\n\n<div style=\"height:80px\" aria-hidden=\"true\" class=\"wp-block-spacer desktop-only\"><\/div>\n<\/div><\/div>\n\n\n\n<div class=\"wp-block-group alignfull has-foreground-background-color has-background\"><div class=\"wp-block-group__inner-container is-layout-flow wp-block-group-is-layout-flow\">\n<div class=\"wp-block-columns alignwide is-layout-flex wp-container-core-columns-is-layout-9d6595d7 wp-block-columns-is-layout-flex\">\n<div class=\"wp-block-column is-layout-flow wp-block-column-is-layout-flow\">\n<p>Altezza: 1883 mslm<\/p>\n\n\n\n<p class=\"has-text-align-left\">Ubicazione: Alpe Piana<\/p>\n\n\n\n<p>Comune: Grosotto &#8211; SO<\/p>\n\n\n\n<p>Coordinate Geo:<br>46\u00b018&#8217;38.30&#8243;N<br>10\u00b011&#8217;23.00&#8243;E<\/p>\n<\/div>\n\n\n\n<div class=\"wp-block-column is-layout-flow wp-block-column-is-layout-flow\">\n<p>Gestore: Associazione <\/p>\n\n\n\n<p>&#8220;Con i giovani per i poveri&#8221;      <strong><span class=\"uppercase\">Operazione Mato Grosso<\/span><\/strong><\/p>\n\n\n\n<p>Tel. 3383746570<\/p>\n\n\n\n<p>Posti letto: 35 <\/p>\n\n\n\n<p>Salone interno : 50 posti<\/p>\n\n\n\n<p>Ampio piazzale attrezzato <\/p>\n<\/div>\n\n\n\n<div class=\"wp-block-column is-layout-flow wp-block-column-is-layout-flow\">\n<p>Apertura 2024:<\/p>\n\n\n\n<ul class=\"wp-block-list\">\n<li><span class=\"uppercase\">dal 22 giugno all&#8217;8 settembre tutti i giorni<\/span><\/li>\n\n\n\n<li>Festa 28 luglio<\/li>\n<\/ul>\n\n\n\n<figure class=\"wp-block-image size-large is-resized\"><img loading=\"lazy\" decoding=\"async\" width=\"744\" height=\"407\" src=\"https:\/\/casinadipiana.it\/wp-content\/uploads\/2021\/06\/e-bike-1-2.png\" alt=\"\" class=\"wp-image-315\" style=\"width:190px;height:104px\" srcset=\"https:\/\/casinadipiana.it\/wp-content\/uploads\/2021\/06\/e-bike-1-2.png 744w, https:\/\/casinadipiana.it\/wp-content\/uploads\/2021\/06\/e-bike-1-2-300x164.png 300w\" sizes=\"auto, (max-width: 744px) 100vw, 744px\" \/><\/figure>\n<\/div>\n<\/div>\n\n\n\n<div style=\"height:64px\" aria-hidden=\"true\" class=\"wp-block-spacer desktop-only\"><\/div>\n<\/div><\/div>\n\n\n\n<p><\/p>\n","protected":false},"excerpt":{"rendered":"<p>Il rifugio Casina di Piana \u00e8 situato all&#8217; imbocco della Val Piana, la prima valle laterale meridionale della Val Grosina, immersa nelle Alpi Retiche occidentali&nbsp;in direzione della Val Poschiavo. La posizione strategica lungo il sentiero Italia permette varie escursioni verso la Svizzera e le vicine Val Grosina, Val Saiento e le numerose cime che la<a class=\"more-link\" href=\"https:\/\/casinadipiana.it\/\">Continua a leggere <span class=\"screen-reader-text\">&#8220;Il Rifugio&#8221;<\/span><\/a><\/p>\n","protected":false},"author":2,"featured_media":0,"parent":0,"menu_order":0,"comment_status":"closed","ping_status":"closed","template":"","meta":{"ngg_post_thumbnail":0,"footnotes":""},"class_list":["post-18","page","type-page","status-publish","hentry","entry"],"yoast_head":"<!-- This site is optimized with the Yoast SEO plugin v27.5 - https:\/\/yoast.com\/product\/yoast-seo-wordpress\/ -->\n<title>Il Rifugio - Rifugio Casina di Piana<\/title>\n<meta name=\"robots\" content=\"index, follow, max-snippet:-1, max-image-preview:large, max-video-preview:-1\" \/>\n<link rel=\"canonical\" href=\"https:\/\/casinadipiana.it\/\" \/>\n<meta property=\"og:locale\" content=\"it_IT\" \/>\n<meta property=\"og:type\" content=\"article\" \/>\n<meta property=\"og:title\" content=\"Il Rifugio - Rifugio Casina di Piana\" \/>\n<meta property=\"og:description\" content=\"Il rifugio Casina di Piana \u00e8 situato all&#8217; imbocco della Val Piana, la prima valle laterale meridionale della Val Grosina, immersa nelle Alpi Retiche occidentali&nbsp;in direzione della Val Poschiavo. La posizione strategica lungo il sentiero Italia permette varie escursioni verso la Svizzera e le vicine Val Grosina, Val Saiento e le numerose cime che laContinua a leggere &quot;Il Rifugio&quot;\" \/>\n<meta property=\"og:url\" content=\"https:\/\/casinadipiana.it\/\" \/>\n<meta property=\"og:site_name\" content=\"Rifugio Casina di Piana\" \/>\n<meta property=\"article:modified_time\" content=\"2024-09-12T12:36:04+00:00\" \/>\n<meta property=\"og:image\" content=\"https:\/\/casinadipiana.it\/wp-content\/uploads\/2021\/05\/ponte-con-casina-di-piana-2-1-1024x766.jpg\" \/>\n<meta name=\"twitter:card\" content=\"summary_large_image\" \/>\n<meta name=\"twitter:label1\" content=\"Tempo di lettura stimato\" \/>\n\t<meta name=\"twitter:data1\" content=\"3 minuti\" \/>\n<script type=\"application\/ld+json\" class=\"yoast-schema-graph\">{\"@context\":\"https:\\\/\\\/schema.org\",\"@graph\":[{\"@type\":\"WebPage\",\"@id\":\"https:\\\/\\\/casinadipiana.it\\\/\",\"url\":\"https:\\\/\\\/casinadipiana.it\\\/\",\"name\":\"Il Rifugio - Rifugio Casina di Piana\",\"isPartOf\":{\"@id\":\"https:\\\/\\\/casinadipiana.it\\\/#website\"},\"primaryImageOfPage\":{\"@id\":\"https:\\\/\\\/casinadipiana.it\\\/#primaryimage\"},\"image\":{\"@id\":\"https:\\\/\\\/casinadipiana.it\\\/#primaryimage\"},\"thumbnailUrl\":\"https:\\\/\\\/casinadipiana.it\\\/wp-content\\\/uploads\\\/2021\\\/05\\\/ponte-con-casina-di-piana-2-1-1024x766.jpg\",\"datePublished\":\"2021-05-12T18:34:38+00:00\",\"dateModified\":\"2024-09-12T12:36:04+00:00\",\"breadcrumb\":{\"@id\":\"https:\\\/\\\/casinadipiana.it\\\/#breadcrumb\"},\"inLanguage\":\"it-IT\",\"potentialAction\":[{\"@type\":\"ReadAction\",\"target\":[\"https:\\\/\\\/casinadipiana.it\\\/\"]}]},{\"@type\":\"ImageObject\",\"inLanguage\":\"it-IT\",\"@id\":\"https:\\\/\\\/casinadipiana.it\\\/#primaryimage\",\"url\":\"https:\\\/\\\/casinadipiana.it\\\/wp-content\\\/uploads\\\/2021\\\/05\\\/ponte-con-casina-di-piana-2-1-1024x766.jpg\",\"contentUrl\":\"https:\\\/\\\/casinadipiana.it\\\/wp-content\\\/uploads\\\/2021\\\/05\\\/ponte-con-casina-di-piana-2-1-1024x766.jpg\"},{\"@type\":\"BreadcrumbList\",\"@id\":\"https:\\\/\\\/casinadipiana.it\\\/#breadcrumb\",\"itemListElement\":[{\"@type\":\"ListItem\",\"position\":1,\"name\":\"Home\",\"item\":\"https:\\\/\\\/casinadipiana.it\\\/\"},{\"@type\":\"ListItem\",\"position\":2,\"name\":\"Il Rifugio\"}]},{\"@type\":\"WebSite\",\"@id\":\"https:\\\/\\\/casinadipiana.it\\\/#website\",\"url\":\"https:\\\/\\\/casinadipiana.it\\\/\",\"name\":\"Rifugio Casina di Piana\",\"description\":\"Associazione &quot;Con i giovani per i poveri&quot;\",\"publisher\":{\"@id\":\"https:\\\/\\\/casinadipiana.it\\\/#\\\/schema\\\/person\\\/b3782ebf1a7b0e6a6c577d99b4dfb848\"},\"potentialAction\":[{\"@type\":\"SearchAction\",\"target\":{\"@type\":\"EntryPoint\",\"urlTemplate\":\"https:\\\/\\\/casinadipiana.it\\\/?s={search_term_string}\"},\"query-input\":{\"@type\":\"PropertyValueSpecification\",\"valueRequired\":true,\"valueName\":\"search_term_string\"}}],\"inLanguage\":\"it-IT\"},{\"@type\":[\"Person\",\"Organization\"],\"@id\":\"https:\\\/\\\/casinadipiana.it\\\/#\\\/schema\\\/person\\\/b3782ebf1a7b0e6a6c577d99b4dfb848\",\"name\":\"wpadmin\",\"image\":{\"@type\":\"ImageObject\",\"inLanguage\":\"it-IT\",\"@id\":\"https:\\\/\\\/secure.gravatar.com\\\/avatar\\\/313ad2ee7bbc3021449c5b1c5db5e6caa78d827563cc9f3438c87ccc3f522abb?s=96&d=mm&r=g\",\"url\":\"https:\\\/\\\/secure.gravatar.com\\\/avatar\\\/313ad2ee7bbc3021449c5b1c5db5e6caa78d827563cc9f3438c87ccc3f522abb?s=96&d=mm&r=g\",\"contentUrl\":\"https:\\\/\\\/secure.gravatar.com\\\/avatar\\\/313ad2ee7bbc3021449c5b1c5db5e6caa78d827563cc9f3438c87ccc3f522abb?s=96&d=mm&r=g\",\"caption\":\"wpadmin\"},\"logo\":{\"@id\":\"https:\\\/\\\/secure.gravatar.com\\\/avatar\\\/313ad2ee7bbc3021449c5b1c5db5e6caa78d827563cc9f3438c87ccc3f522abb?s=96&d=mm&r=g\"},\"sameAs\":[\"http:\\\/\\\/casinadipiana.it\"]}]}<\/script>\n<!-- \/ Yoast SEO plugin. -->","yoast_head_json":{"title":"Il Rifugio - Rifugio Casina di Piana","robots":{"index":"index","follow":"follow","max-snippet":"max-snippet:-1","max-image-preview":"max-image-preview:large","max-video-preview":"max-video-preview:-1"},"canonical":"https:\/\/casinadipiana.it\/","og_locale":"it_IT","og_type":"article","og_title":"Il Rifugio - Rifugio Casina di Piana","og_description":"Il rifugio Casina di Piana \u00e8 situato all&#8217; imbocco della Val Piana, la prima valle laterale meridionale della Val Grosina, immersa nelle Alpi Retiche occidentali&nbsp;in direzione della Val Poschiavo. La posizione strategica lungo il sentiero Italia permette varie escursioni verso la Svizzera e le vicine Val Grosina, Val Saiento e le numerose cime che laContinua a leggere \"Il Rifugio\"","og_url":"https:\/\/casinadipiana.it\/","og_site_name":"Rifugio Casina di Piana","article_modified_time":"2024-09-12T12:36:04+00:00","og_image":[{"url":"https:\/\/casinadipiana.it\/wp-content\/uploads\/2021\/05\/ponte-con-casina-di-piana-2-1-1024x766.jpg","type":"","width":"","height":""}],"twitter_card":"summary_large_image","twitter_misc":{"Tempo di lettura stimato":"3 minuti"},"schema":{"@context":"https:\/\/schema.org","@graph":[{"@type":"WebPage","@id":"https:\/\/casinadipiana.it\/","url":"https:\/\/casinadipiana.it\/","name":"Il Rifugio - Rifugio Casina di Piana","isPartOf":{"@id":"https:\/\/casinadipiana.it\/#website"},"primaryImageOfPage":{"@id":"https:\/\/casinadipiana.it\/#primaryimage"},"image":{"@id":"https:\/\/casinadipiana.it\/#primaryimage"},"thumbnailUrl":"https:\/\/casinadipiana.it\/wp-content\/uploads\/2021\/05\/ponte-con-casina-di-piana-2-1-1024x766.jpg","datePublished":"2021-05-12T18:34:38+00:00","dateModified":"2024-09-12T12:36:04+00:00","breadcrumb":{"@id":"https:\/\/casinadipiana.it\/#breadcrumb"},"inLanguage":"it-IT","potentialAction":[{"@type":"ReadAction","target":["https:\/\/casinadipiana.it\/"]}]},{"@type":"ImageObject","inLanguage":"it-IT","@id":"https:\/\/casinadipiana.it\/#primaryimage","url":"https:\/\/casinadipiana.it\/wp-content\/uploads\/2021\/05\/ponte-con-casina-di-piana-2-1-1024x766.jpg","contentUrl":"https:\/\/casinadipiana.it\/wp-content\/uploads\/2021\/05\/ponte-con-casina-di-piana-2-1-1024x766.jpg"},{"@type":"BreadcrumbList","@id":"https:\/\/casinadipiana.it\/#breadcrumb","itemListElement":[{"@type":"ListItem","position":1,"name":"Home","item":"https:\/\/casinadipiana.it\/"},{"@type":"ListItem","position":2,"name":"Il Rifugio"}]},{"@type":"WebSite","@id":"https:\/\/casinadipiana.it\/#website","url":"https:\/\/casinadipiana.it\/","name":"Rifugio Casina di Piana","description":"Associazione &quot;Con i giovani per i poveri&quot;","publisher":{"@id":"https:\/\/casinadipiana.it\/#\/schema\/person\/b3782ebf1a7b0e6a6c577d99b4dfb848"},"potentialAction":[{"@type":"SearchAction","target":{"@type":"EntryPoint","urlTemplate":"https:\/\/casinadipiana.it\/?s={search_term_string}"},"query-input":{"@type":"PropertyValueSpecification","valueRequired":true,"valueName":"search_term_string"}}],"inLanguage":"it-IT"},{"@type":["Person","Organization"],"@id":"https:\/\/casinadipiana.it\/#\/schema\/person\/b3782ebf1a7b0e6a6c577d99b4dfb848","name":"wpadmin","image":{"@type":"ImageObject","inLanguage":"it-IT","@id":"https:\/\/secure.gravatar.com\/avatar\/313ad2ee7bbc3021449c5b1c5db5e6caa78d827563cc9f3438c87ccc3f522abb?s=96&d=mm&r=g","url":"https:\/\/secure.gravatar.com\/avatar\/313ad2ee7bbc3021449c5b1c5db5e6caa78d827563cc9f3438c87ccc3f522abb?s=96&d=mm&r=g","contentUrl":"https:\/\/secure.gravatar.com\/avatar\/313ad2ee7bbc3021449c5b1c5db5e6caa78d827563cc9f3438c87ccc3f522abb?s=96&d=mm&r=g","caption":"wpadmin"},"logo":{"@id":"https:\/\/secure.gravatar.com\/avatar\/313ad2ee7bbc3021449c5b1c5db5e6caa78d827563cc9f3438c87ccc3f522abb?s=96&d=mm&r=g"},"sameAs":["http:\/\/casinadipiana.it"]}]}},"_links":{"self":[{"href":"https:\/\/casinadipiana.it\/index.php?rest_route=\/wp\/v2\/pages\/18","targetHints":{"allow":["GET"]}}],"collection":[{"href":"https:\/\/casinadipiana.it\/index.php?rest_route=\/wp\/v2\/pages"}],"about":[{"href":"https:\/\/casinadipiana.it\/index.php?rest_route=\/wp\/v2\/types\/page"}],"author":[{"embeddable":true,"href":"https:\/\/casinadipiana.it\/index.php?rest_route=\/wp\/v2\/users\/2"}],"replies":[{"embeddable":true,"href":"https:\/\/casinadipiana.it\/index.php?rest_route=%2Fwp%2Fv2%2Fcomments&post=18"}],"version-history":[{"count":19,"href":"https:\/\/casinadipiana.it\/index.php?rest_route=\/wp\/v2\/pages\/18\/revisions"}],"predecessor-version":[{"id":462,"href":"https:\/\/casinadipiana.it\/index.php?rest_route=\/wp\/v2\/pages\/18\/revisions\/462"}],"wp:attachment":[{"href":"https:\/\/casinadipiana.it\/index.php?rest_route=%2Fwp%2Fv2%2Fmedia&parent=18"}],"curies":[{"name":"wp","href":"https:\/\/api.w.org\/{rel}","templated":true}]}}