{"id":216,"date":"2021-06-04T12:21:08","date_gmt":"2021-06-04T12:21:08","guid":{"rendered":"https:\/\/rifugiocasinadipiana.wordpress.com\/?page_id=216"},"modified":"2021-06-09T11:41:13","modified_gmt":"2021-06-09T11:41:13","slug":"omg","status":"publish","type":"page","link":"https:\/\/casinadipiana.it\/?page_id=216","title":{"rendered":"Omg"},"content":{"rendered":"\n<p class=\"has-text-align-center\">Ecco in poche parole&nbsp;l&#8217;<strong>Operazione Mato Grosso<\/strong><br>\u00e8 un movimento che si propone l&#8217;educazione<br>dei giovani attraverso il lavoro gratuito per i pi\u00f9 poveri<br>in alcuni paesi dell&#8217;America Latina.<br>BOLIVIA-BRASILE-PER\u00da-ECUADOR-BALTIMORE (USA)<br>con pi\u00fa di<br><strong>100 missioni<\/strong> aperte ad oggi<br>e pi\u00fa di<br><strong>500 Volontari<\/strong> impegnati nei luoghi pi\u00fa reconditi delle ande.<br>Per mezzo del lavoro i giovani intraprendono una strada che<br>li porta a scoprire ed acquisire alcuni valori fondamentali per la loro vita:<br>la fatica, il &#8220;dare via&#8221; gratis, la coerenza tra le parole e la vita, lo spirito di gruppo,<br>il rispetto e la collaborazione verso gli altri, la sensibilit\u00e0 e l&#8217;attenzione<br>ai problemi dei pi\u00f9 poveri, lo sforzo di imparare ad amare le persone.<br>A sostenere le attivit\u00e0 svolte dai volontari nelle missioni provvedono<br>numerosi gruppi di giovani ed adulti che, in Italia, si riuniscono e<br>lavorano per raccogliere i fondi necessari.<\/p>\n\n\n\n<figure class=\"wp-block-image size-large is-resized\"><img loading=\"lazy\" decoding=\"async\" src=\"https:\/\/casinadipiana.it\/wp-content\/uploads\/2021\/06\/bambina-omg.jpg\" alt=\"\" class=\"wp-image-293\" width=\"778\" height=\"519\" srcset=\"https:\/\/casinadipiana.it\/wp-content\/uploads\/2021\/06\/bambina-omg.jpg 600w, https:\/\/casinadipiana.it\/wp-content\/uploads\/2021\/06\/bambina-omg-300x200.jpg 300w\" sizes=\"auto, (max-width: 778px) 100vw, 778px\" \/><\/figure>\n\n\n\n<p class=\"has-text-align-center\"><br>I giovani realizzano&nbsp;<strong>LAVORI DI GRUPPO<\/strong>&nbsp;durante i giorni della<br>settimana e nei fine settimana organizzano&nbsp;<strong>CAMPI DI LAVORO<\/strong>.<br>Questi ultimi vedono molti giovani impegnati in raccolte di carta,<br>rottami e altri materiali da macero; o come manovali in lavori agricoli,<br>di costruzione, di pulizia sentieri, di costruzione e Gestione di BAITE, MALGHE e RIFUGI alpini e andini.<br>Questo cammino di servizio e dedizione ai pi\u00fa poveri affonda le sue radici nella Carit\u00e1,<br>L&#8217;Operazione Mato Grosso si pu\u00f3 anche definire come una palestra di vita,<br>dove si impara ad aiutare e servire i pi\u00fa poveri, in definitiva l&#8217;OMG si puo&#8217;<br>definire un cammino dove si impara<\/p>\n\n\n\n<p class=\"has-text-align-center\"><strong>ad AMARE,<br>a PERDERE<br>e a REGALARE&#8230;<br>tempo, soldi, energie, azioni con i giovani verso i poveri&#8230;<\/strong><\/p>\n\n\n\n<figure class=\"wp-block-image size-large is-resized\"><img loading=\"lazy\" decoding=\"async\" src=\"https:\/\/casinadipiana.it\/wp-content\/uploads\/2021\/06\/Immagine19.jpg\" alt=\"\" class=\"wp-image-297\" width=\"779\" height=\"568\" srcset=\"https:\/\/casinadipiana.it\/wp-content\/uploads\/2021\/06\/Immagine19.jpg 702w, https:\/\/casinadipiana.it\/wp-content\/uploads\/2021\/06\/Immagine19-300x219.jpg 300w\" sizes=\"auto, (max-width: 779px) 100vw, 779px\" \/><\/figure>\n","protected":false},"excerpt":{"rendered":"<p>Ecco in poche parole&nbsp;l&#8217;Operazione Mato Grosso\u00e8 un movimento che si propone l&#8217;educazionedei giovani attraverso il lavoro gratuito per i pi\u00f9 poveriin alcuni paesi dell&#8217;America Latina.BOLIVIA-BRASILE-PER\u00da-ECUADOR-BALTIMORE (USA)con pi\u00fa di100 missioni aperte ad oggie pi\u00fa di500 Volontari impegnati nei luoghi pi\u00fa reconditi delle ande.Per mezzo del lavoro i giovani intraprendono una strada cheli porta a scoprire ed<a class=\"more-link\" href=\"https:\/\/casinadipiana.it\/?page_id=216\">Continua a leggere <span class=\"screen-reader-text\">&#8220;Omg&#8221;<\/span><\/a><\/p>\n","protected":false},"author":2,"featured_media":0,"parent":0,"menu_order":0,"comment_status":"closed","ping_status":"closed","template":"","meta":{"ngg_post_thumbnail":0,"footnotes":""},"class_list":["post-216","page","type-page","status-publish","hentry","entry"],"yoast_head":"<!-- This site is optimized with the Yoast SEO plugin v27.4 - https:\/\/yoast.com\/product\/yoast-seo-wordpress\/ -->\n<title>Omg - Rifugio Casina di Piana<\/title>\n<meta name=\"robots\" content=\"index, follow, max-snippet:-1, max-image-preview:large, max-video-preview:-1\" \/>\n<link rel=\"canonical\" href=\"http:\/\/casinadipiana.it\/?page_id=216\" \/>\n<meta property=\"og:locale\" content=\"it_IT\" \/>\n<meta property=\"og:type\" content=\"article\" \/>\n<meta property=\"og:title\" content=\"Omg - Rifugio Casina di Piana\" \/>\n<meta property=\"og:description\" content=\"Ecco in poche parole&nbsp;l&#8217;Operazione Mato Grosso\u00e8 un movimento che si propone l&#8217;educazionedei giovani attraverso il lavoro gratuito per i pi\u00f9 poveriin alcuni paesi dell&#8217;America Latina.BOLIVIA-BRASILE-PER\u00da-ECUADOR-BALTIMORE (USA)con pi\u00fa di100 missioni aperte ad oggie pi\u00fa di500 Volontari impegnati nei luoghi pi\u00fa reconditi delle ande.Per mezzo del lavoro i giovani intraprendono una strada cheli porta a scoprire edContinua a leggere &quot;Omg&quot;\" \/>\n<meta property=\"og:url\" content=\"http:\/\/casinadipiana.it\/?page_id=216\" \/>\n<meta property=\"og:site_name\" content=\"Rifugio Casina di Piana\" \/>\n<meta property=\"article:modified_time\" content=\"2021-06-09T11:41:13+00:00\" \/>\n<meta property=\"og:image\" content=\"https:\/\/casinadipiana.it\/wp-content\/uploads\/2021\/06\/bambina-omg.jpg\" \/>\n<meta name=\"twitter:card\" content=\"summary_large_image\" \/>\n<meta name=\"twitter:label1\" content=\"Tempo di lettura stimato\" \/>\n\t<meta name=\"twitter:data1\" content=\"1 minuto\" \/>\n<script type=\"application\/ld+json\" class=\"yoast-schema-graph\">{\"@context\":\"https:\\\/\\\/schema.org\",\"@graph\":[{\"@type\":\"WebPage\",\"@id\":\"http:\\\/\\\/casinadipiana.it\\\/?page_id=216\",\"url\":\"http:\\\/\\\/casinadipiana.it\\\/?page_id=216\",\"name\":\"Omg - Rifugio Casina di Piana\",\"isPartOf\":{\"@id\":\"http:\\\/\\\/casinadipiana.it\\\/#website\"},\"primaryImageOfPage\":{\"@id\":\"http:\\\/\\\/casinadipiana.it\\\/?page_id=216#primaryimage\"},\"image\":{\"@id\":\"http:\\\/\\\/casinadipiana.it\\\/?page_id=216#primaryimage\"},\"thumbnailUrl\":\"https:\\\/\\\/casinadipiana.it\\\/wp-content\\\/uploads\\\/2021\\\/06\\\/bambina-omg.jpg\",\"datePublished\":\"2021-06-04T12:21:08+00:00\",\"dateModified\":\"2021-06-09T11:41:13+00:00\",\"breadcrumb\":{\"@id\":\"http:\\\/\\\/casinadipiana.it\\\/?page_id=216#breadcrumb\"},\"inLanguage\":\"it-IT\",\"potentialAction\":[{\"@type\":\"ReadAction\",\"target\":[\"http:\\\/\\\/casinadipiana.it\\\/?page_id=216\"]}]},{\"@type\":\"ImageObject\",\"inLanguage\":\"it-IT\",\"@id\":\"http:\\\/\\\/casinadipiana.it\\\/?page_id=216#primaryimage\",\"url\":\"https:\\\/\\\/casinadipiana.it\\\/wp-content\\\/uploads\\\/2021\\\/06\\\/bambina-omg.jpg\",\"contentUrl\":\"https:\\\/\\\/casinadipiana.it\\\/wp-content\\\/uploads\\\/2021\\\/06\\\/bambina-omg.jpg\"},{\"@type\":\"BreadcrumbList\",\"@id\":\"http:\\\/\\\/casinadipiana.it\\\/?page_id=216#breadcrumb\",\"itemListElement\":[{\"@type\":\"ListItem\",\"position\":1,\"name\":\"Home\",\"item\":\"http:\\\/\\\/casinadipiana.it\\\/\"},{\"@type\":\"ListItem\",\"position\":2,\"name\":\"Omg\"}]},{\"@type\":\"WebSite\",\"@id\":\"http:\\\/\\\/casinadipiana.it\\\/#website\",\"url\":\"http:\\\/\\\/casinadipiana.it\\\/\",\"name\":\"Rifugio Casina di Piana\",\"description\":\"Associazione &quot;Con i giovani per i poveri&quot;\",\"publisher\":{\"@id\":\"http:\\\/\\\/casinadipiana.it\\\/#\\\/schema\\\/person\\\/b3782ebf1a7b0e6a6c577d99b4dfb848\"},\"potentialAction\":[{\"@type\":\"SearchAction\",\"target\":{\"@type\":\"EntryPoint\",\"urlTemplate\":\"http:\\\/\\\/casinadipiana.it\\\/?s={search_term_string}\"},\"query-input\":{\"@type\":\"PropertyValueSpecification\",\"valueRequired\":true,\"valueName\":\"search_term_string\"}}],\"inLanguage\":\"it-IT\"},{\"@type\":[\"Person\",\"Organization\"],\"@id\":\"http:\\\/\\\/casinadipiana.it\\\/#\\\/schema\\\/person\\\/b3782ebf1a7b0e6a6c577d99b4dfb848\",\"name\":\"wpadmin\",\"image\":{\"@type\":\"ImageObject\",\"inLanguage\":\"it-IT\",\"@id\":\"https:\\\/\\\/secure.gravatar.com\\\/avatar\\\/313ad2ee7bbc3021449c5b1c5db5e6caa78d827563cc9f3438c87ccc3f522abb?s=96&d=mm&r=g\",\"url\":\"https:\\\/\\\/secure.gravatar.com\\\/avatar\\\/313ad2ee7bbc3021449c5b1c5db5e6caa78d827563cc9f3438c87ccc3f522abb?s=96&d=mm&r=g\",\"contentUrl\":\"https:\\\/\\\/secure.gravatar.com\\\/avatar\\\/313ad2ee7bbc3021449c5b1c5db5e6caa78d827563cc9f3438c87ccc3f522abb?s=96&d=mm&r=g\",\"caption\":\"wpadmin\"},\"logo\":{\"@id\":\"https:\\\/\\\/secure.gravatar.com\\\/avatar\\\/313ad2ee7bbc3021449c5b1c5db5e6caa78d827563cc9f3438c87ccc3f522abb?s=96&d=mm&r=g\"},\"sameAs\":[\"http:\\\/\\\/casinadipiana.it\"]}]}<\/script>\n<!-- \/ Yoast SEO plugin. -->","yoast_head_json":{"title":"Omg - Rifugio Casina di Piana","robots":{"index":"index","follow":"follow","max-snippet":"max-snippet:-1","max-image-preview":"max-image-preview:large","max-video-preview":"max-video-preview:-1"},"canonical":"http:\/\/casinadipiana.it\/?page_id=216","og_locale":"it_IT","og_type":"article","og_title":"Omg - Rifugio Casina di Piana","og_description":"Ecco in poche parole&nbsp;l&#8217;Operazione Mato Grosso\u00e8 un movimento che si propone l&#8217;educazionedei giovani attraverso il lavoro gratuito per i pi\u00f9 poveriin alcuni paesi dell&#8217;America Latina.BOLIVIA-BRASILE-PER\u00da-ECUADOR-BALTIMORE (USA)con pi\u00fa di100 missioni aperte ad oggie pi\u00fa di500 Volontari impegnati nei luoghi pi\u00fa reconditi delle ande.Per mezzo del lavoro i giovani intraprendono una strada cheli porta a scoprire edContinua a leggere \"Omg\"","og_url":"http:\/\/casinadipiana.it\/?page_id=216","og_site_name":"Rifugio Casina di Piana","article_modified_time":"2021-06-09T11:41:13+00:00","og_image":[{"url":"https:\/\/casinadipiana.it\/wp-content\/uploads\/2021\/06\/bambina-omg.jpg","type":"","width":"","height":""}],"twitter_card":"summary_large_image","twitter_misc":{"Tempo di lettura stimato":"1 minuto"},"schema":{"@context":"https:\/\/schema.org","@graph":[{"@type":"WebPage","@id":"http:\/\/casinadipiana.it\/?page_id=216","url":"http:\/\/casinadipiana.it\/?page_id=216","name":"Omg - Rifugio Casina di Piana","isPartOf":{"@id":"http:\/\/casinadipiana.it\/#website"},"primaryImageOfPage":{"@id":"http:\/\/casinadipiana.it\/?page_id=216#primaryimage"},"image":{"@id":"http:\/\/casinadipiana.it\/?page_id=216#primaryimage"},"thumbnailUrl":"https:\/\/casinadipiana.it\/wp-content\/uploads\/2021\/06\/bambina-omg.jpg","datePublished":"2021-06-04T12:21:08+00:00","dateModified":"2021-06-09T11:41:13+00:00","breadcrumb":{"@id":"http:\/\/casinadipiana.it\/?page_id=216#breadcrumb"},"inLanguage":"it-IT","potentialAction":[{"@type":"ReadAction","target":["http:\/\/casinadipiana.it\/?page_id=216"]}]},{"@type":"ImageObject","inLanguage":"it-IT","@id":"http:\/\/casinadipiana.it\/?page_id=216#primaryimage","url":"https:\/\/casinadipiana.it\/wp-content\/uploads\/2021\/06\/bambina-omg.jpg","contentUrl":"https:\/\/casinadipiana.it\/wp-content\/uploads\/2021\/06\/bambina-omg.jpg"},{"@type":"BreadcrumbList","@id":"http:\/\/casinadipiana.it\/?page_id=216#breadcrumb","itemListElement":[{"@type":"ListItem","position":1,"name":"Home","item":"http:\/\/casinadipiana.it\/"},{"@type":"ListItem","position":2,"name":"Omg"}]},{"@type":"WebSite","@id":"http:\/\/casinadipiana.it\/#website","url":"http:\/\/casinadipiana.it\/","name":"Rifugio Casina di Piana","description":"Associazione &quot;Con i giovani per i poveri&quot;","publisher":{"@id":"http:\/\/casinadipiana.it\/#\/schema\/person\/b3782ebf1a7b0e6a6c577d99b4dfb848"},"potentialAction":[{"@type":"SearchAction","target":{"@type":"EntryPoint","urlTemplate":"http:\/\/casinadipiana.it\/?s={search_term_string}"},"query-input":{"@type":"PropertyValueSpecification","valueRequired":true,"valueName":"search_term_string"}}],"inLanguage":"it-IT"},{"@type":["Person","Organization"],"@id":"http:\/\/casinadipiana.it\/#\/schema\/person\/b3782ebf1a7b0e6a6c577d99b4dfb848","name":"wpadmin","image":{"@type":"ImageObject","inLanguage":"it-IT","@id":"https:\/\/secure.gravatar.com\/avatar\/313ad2ee7bbc3021449c5b1c5db5e6caa78d827563cc9f3438c87ccc3f522abb?s=96&d=mm&r=g","url":"https:\/\/secure.gravatar.com\/avatar\/313ad2ee7bbc3021449c5b1c5db5e6caa78d827563cc9f3438c87ccc3f522abb?s=96&d=mm&r=g","contentUrl":"https:\/\/secure.gravatar.com\/avatar\/313ad2ee7bbc3021449c5b1c5db5e6caa78d827563cc9f3438c87ccc3f522abb?s=96&d=mm&r=g","caption":"wpadmin"},"logo":{"@id":"https:\/\/secure.gravatar.com\/avatar\/313ad2ee7bbc3021449c5b1c5db5e6caa78d827563cc9f3438c87ccc3f522abb?s=96&d=mm&r=g"},"sameAs":["http:\/\/casinadipiana.it"]}]}},"_links":{"self":[{"href":"https:\/\/casinadipiana.it\/index.php?rest_route=\/wp\/v2\/pages\/216","targetHints":{"allow":["GET"]}}],"collection":[{"href":"https:\/\/casinadipiana.it\/index.php?rest_route=\/wp\/v2\/pages"}],"about":[{"href":"https:\/\/casinadipiana.it\/index.php?rest_route=\/wp\/v2\/types\/page"}],"author":[{"embeddable":true,"href":"https:\/\/casinadipiana.it\/index.php?rest_route=\/wp\/v2\/users\/2"}],"replies":[{"embeddable":true,"href":"https:\/\/casinadipiana.it\/index.php?rest_route=%2Fwp%2Fv2%2Fcomments&post=216"}],"version-history":[{"count":6,"href":"https:\/\/casinadipiana.it\/index.php?rest_route=\/wp\/v2\/pages\/216\/revisions"}],"predecessor-version":[{"id":299,"href":"https:\/\/casinadipiana.it\/index.php?rest_route=\/wp\/v2\/pages\/216\/revisions\/299"}],"wp:attachment":[{"href":"https:\/\/casinadipiana.it\/index.php?rest_route=%2Fwp%2Fv2%2Fmedia&parent=216"}],"curies":[{"name":"wp","href":"https:\/\/api.w.org\/{rel}","templated":true}]}}